
{"id":2005,"date":"2017-12-05T10:08:14","date_gmt":"2017-12-05T10:08:14","guid":{"rendered":"https:\/\/www.feyspa.com\/iletisim\/"},"modified":"2022-09-27T21:03:16","modified_gmt":"2022-09-27T18:03:16","slug":"%d8%a7%d9%84%d8%a7%d8%aa%d8%b5%d8%a7%d9%84","status":"publish","type":"page","link":"https:\/\/www.feyspa.com\/ar\/%d8%a7%d9%84%d8%a7%d8%aa%d8%b5%d8%a7%d9%84\/","title":{"rendered":"\u0627\u0644\u0627\u062a\u0635\u0627\u0644"},"content":{"rendered":"<p>[vc_row css_animation=&#8221;none&#8221; hide_bg_image_on_tablet=&#8221;&#8221; hide_bg_image_on_mobile=&#8221;&#8221;][vc_column icons_position=&#8221;left&#8221;]<div id=\"sc_title_1308905963\"\r\n\t\tclass=\"sc_title color_style_default sc_title_default  vc_custom_1664300930855\"><h6 class=\"sc_item_subtitle sc_title_subtitle sc_align_center sc_item_title_style_default\">\u0627\u0644\u0627\u062a\u0635\u0627\u0644<\/h6><h1 class=\"sc_item_title sc_title_title sc_align_center sc_item_title_style_default sc_item_title_tag\">\u0627\u062a\u0635\u0644\u0648\u0627 \u0628\u0646\u0627<\/h1><\/div><!-- \/.sc_title -->[vc_empty_space height=&#8221;2em&#8221; alter_height=&#8221;none&#8221; hide_on_desktop=&#8221;&#8221; hide_on_notebook=&#8221;&#8221; hide_on_tablet=&#8221;&#8221; hide_on_mobile=&#8221;&#8221;][vc_empty_space height=&#8221;3.6em&#8221; alter_height=&#8221;none&#8221; hide_on_desktop=&#8221;&#8221; hide_on_notebook=&#8221;&#8221; hide_on_tablet=&#8221;1&#8243; hide_on_mobile=&#8221;1&#8243;]<div id=\"sc_icons_286070062\" \n\tclass=\"sc_icons sc_icons_extra sc_icons_size_medium sc_align_right\"><div class=\"sc_icons_columns_wrap sc_item_columns trx_addons_columns_wrap columns_padding_bottom\"><div class=\"trx_addons_column-1_3\"><div class=\"sc_icons_item\"><div id=\"sc_icons_286070062_icon-clockwise-rotation\" class=\"sc_icons_icon sc_icon_type_ icon-clockwise-rotation\"\n\t\t\t\t\t\t\t\t\t\t\t\t><span class=\"sc_icon_type_ icon-clockwise-rotation\"><\/span><\/div><div class=\"content_icons_wrap\"><h4 class=\"sc_icons_item_title\"><span>\u0627\u0644\u0639\u0646\u0648\u0627\u0646<\/span><\/h4>                    <div class=\"sc_icons_item_description\"><span>B\u00fcy\u00fckdere Cad. No:95<\/span><span>Mecidiyek\u00f6y \u015ei\u015fli \/ \u0130stanbul<\/span><\/div><\/div><\/div><\/div><div class=\"trx_addons_column-1_3\"><div class=\"sc_icons_item sc_icons_item_linked\"><div id=\"sc_icons_286070062_icon-phone-call\" class=\"sc_icons_icon sc_icon_type_ icon-phone-call\"\n\t\t\t\t\t\t\t\t\t\t\t\t><span class=\"sc_icon_type_ icon-phone-call\"><\/span><\/div><div class=\"content_icons_wrap\"><h4 class=\"sc_icons_item_title\"><span>\u0627\u0644\u0647\u0627\u062a\u0641<\/span><\/h4>                    <div class=\"sc_icons_item_description\"><span>0212 217 00 02<\/span><\/div><\/div><a href=\"tel:02122170002\" class=\"sc_icons_item_link\"><\/a><\/div><\/div><div class=\"trx_addons_column-1_3\"><div class=\"sc_icons_item sc_icons_item_linked\"><div id=\"sc_icons_286070062_icon-email-1\" class=\"sc_icons_icon sc_icon_type_ icon-email-1\"\n\t\t\t\t\t\t\t\t\t\t\t\t><span class=\"sc_icon_type_ icon-email-1\"><\/span><\/div><div class=\"content_icons_wrap\"><h4 class=\"sc_icons_item_title\"><span>\u0627\u0644\u0628\u0631\u064a\u062f \u0627\u0644\u0627\u0644\u0643\u062a\u0631\u0648\u0646\u064a<\/span><\/h4>                    <div class=\"sc_icons_item_description\"><span>info@feyspa.com<\/span><\/div><\/div><a href=\"mailto:info@feyspa.com\" class=\"sc_icons_item_link\"><\/a><\/div><\/div><\/div><\/div><!-- \/.sc_icons -->[\/vc_column][\/vc_row][vc_row][vc_column hide_bg_image_on_tablet=&#8221;&#8221; hide_bg_image_on_mobile=&#8221;&#8221; icons_position=&#8221;left&#8221; css=&#8221;.vc_custom_1514299637312{margin-top: 0px !important;margin-bottom: 0px !important;}&#8221;][vc_empty_space height=&#8221;2em&#8221; alter_height=&#8221;none&#8221; hide_on_desktop=&#8221;&#8221; hide_on_notebook=&#8221;&#8221; hide_on_tablet=&#8221;&#8221; hide_on_mobile=&#8221;&#8221;][vc_empty_space height=&#8221;3.6em&#8221; alter_height=&#8221;none&#8221; hide_on_desktop=&#8221;&#8221; hide_on_notebook=&#8221;&#8221; hide_on_tablet=&#8221;1&#8243; hide_on_mobile=&#8221;1&#8243;][vc_separator color=&#8221;custom&#8221; border_width=&#8221;10&#8243; accent_color=&#8221;#ededed&#8221; css=&#8221;.vc_custom_1514299731231{margin-top: 0px !important;margin-bottom: 0px !important;}&#8221;][vc_empty_space height=&#8221;4.5em&#8221; alter_height=&#8221;none&#8221; hide_on_desktop=&#8221;&#8221; hide_on_notebook=&#8221;&#8221; hide_on_tablet=&#8221;&#8221; hide_on_mobile=&#8221;&#8221;][vc_empty_space height=&#8221;3em&#8221; alter_height=&#8221;none&#8221; hide_on_desktop=&#8221;&#8221; hide_on_notebook=&#8221;&#8221; hide_on_tablet=&#8221;1&#8243; hide_on_mobile=&#8221;1&#8243;][\/vc_column][\/vc_row][vc_row][vc_column css_animation=&#8221;none&#8221; width=&#8221;1\/2&#8243; icons_position=&#8221;left&#8221; offset=&#8221;vc_col-lg-5 vc_col-md-6 vc_col-xs-12&#8243;][vc_empty_space height=&#8221;1em&#8221; alter_height=&#8221;none&#8221; hide_on_desktop=&#8221;&#8221; hide_on_notebook=&#8221;&#8221; hide_on_tablet=&#8221;&#8221; hide_on_mobile=&#8221;&#8221;]<div id=\"sc_googlemap_93590795_wrap\" class=\"sc_googlemap_wrap\"><div id=\"sc_googlemap_93590795\"\r\n\t\t\tclass=\"sc_googlemap sc_googlemap_default  vc_custom_1662985186867\"\r\n\t\t\t style=\"width:100%;height:378px;\"\t\t\tdata-zoom=\"12\"\r\n\t\t\tdata-style=\"dark\"\r\n\t\t\tdata-cluster-icon=\"\"\r\n        ><iframe\r\n                    src=\"https:\/\/maps.google.com\/maps?t=m&output=embed&iwloc=near&z=12&q=B%C3%BCy%C3%BCkdere+Cad.+No%3A95+Mecidiyek%C3%B6y+%C5%9Ei%C5%9Fli+%2F+%C4%B0stanbul\"\r\n                    scrolling=\"no\"\r\n                    marginheight=\"0\"\r\n                    marginwidth=\"0\"\r\n                    frameborder=\"0\"\r\n                    aria-label=\"\"><\/iframe><\/div><\/div><!-- \/.sc_googlemap_wrap -->[\/vc_column][vc_column width=&#8221;1\/12&#8243; icons_position=&#8221;left&#8221;][\/vc_column][vc_column css_animation=&#8221;none&#8221; width=&#8221;1\/2&#8243; icons_position=&#8221;left&#8221; offset=&#8221;vc_col-lg-6 vc_col-md-6 vc_col-xs-12&#8243;]\n<div class=\"wpcf7 no-js\" id=\"wpcf7-f2008-o1\" lang=\"en-US\" dir=\"ltr\" data-wpcf7-id=\"2008\">\n<div class=\"screen-reader-response\"><p role=\"status\" aria-live=\"polite\" aria-atomic=\"true\"><\/p> <ul><\/ul><\/div>\n<form action=\"\/ar\/wp-json\/wp\/v2\/pages\/2005#wpcf7-f2008-o1\" method=\"post\" class=\"wpcf7-form init\" aria-label=\"Contact form\" novalidate=\"novalidate\" data-status=\"init\">\n<fieldset class=\"hidden-fields-container\"><input type=\"hidden\" name=\"_wpcf7\" value=\"2008\" \/><input type=\"hidden\" name=\"_wpcf7_version\" value=\"6.1.5\" \/><input type=\"hidden\" name=\"_wpcf7_locale\" value=\"en_US\" \/><input type=\"hidden\" name=\"_wpcf7_unit_tag\" value=\"wpcf7-f2008-o1\" \/><input type=\"hidden\" name=\"_wpcf7_container_post\" value=\"0\" \/><input type=\"hidden\" name=\"_wpcf7_posted_data_hash\" value=\"\" \/>\n<\/fieldset>\n<div class=\"columns_wrap\">\n\t<div class=\"column-1_1\">\n\t\t<h3>\u0645\u0639\u0644\u0648\u0645\u0627\u062a \u0627\u0644\u062a\u0648\u0627\u0635\u0644\n\t\t<\/h3>\n\t<\/div>\n<\/div>\n<div class=\"columns_wrap cust_mrg\">\n\t<div class=\"column-1_3\">\n\t\t<div class=\"decor\">\n\t\t\t<p><span class=\"wpcf7-form-control-wrap\" data-name=\"adSoyad\"><input size=\"40\" maxlength=\"400\" class=\"wpcf7-form-control wpcf7-text wpcf7-validates-as-required\" aria-required=\"true\" aria-invalid=\"false\" placeholder=\"\u0627\u0644\u0627\u0633\u0645 \u0648\u0627\u0644\u0644\u0642\u0628\" value=\"\" type=\"text\" name=\"adSoyad\" \/><\/span>\n\t\t\t<\/p>\n\t\t<\/div>\n\t<\/div>\n\t<div class=\"column-1_3\">\n\t\t<div class=\"decor\">\n\t\t\t<p><span class=\"wpcf7-form-control-wrap\" data-name=\"eposta\"><input size=\"40\" maxlength=\"400\" class=\"wpcf7-form-control wpcf7-email wpcf7-validates-as-required wpcf7-text wpcf7-validates-as-email\" aria-required=\"true\" aria-invalid=\"false\" placeholder=\"\u0627\u0644\u0628\u0631\u064a\u062f \u0627\u0644\u0627\u0644\u0643\u062a\u0631\u0648\u0646\u064a\" value=\"\" type=\"email\" name=\"eposta\" \/><\/span>\n\t\t\t<\/p>\n\t\t<\/div>\n\t<\/div>\n\t<div class=\"column-1_3\">\n\t\t<div class=\"decor\">\n\t\t\t<p><span class=\"wpcf7-form-control-wrap\" data-name=\"telefon\"><input size=\"40\" maxlength=\"400\" class=\"wpcf7-form-control wpcf7-tel wpcf7-validates-as-required wpcf7-text wpcf7-validates-as-tel\" aria-required=\"true\" aria-invalid=\"false\" placeholder=\"\u0627\u0644\u0647\u0627\u062a\u0641\" value=\"\" type=\"tel\" name=\"telefon\" \/><\/span>\n\t\t\t<\/p>\n\t\t<\/div>\n\t<\/div>\n<\/div>\n<div class=\"columns_wrap\">\n\t<div class=\"column-1_1\">\n\t\t<h3>\u062a\u0641\u0627\u0635\u064a\u0644 \u0627\u0644\u062d\u062c\u0632\n\t\t<\/h3>\n\t<\/div>\n<\/div>\n<div class=\"columns_wrap\">\n\t<div class=\"column-1_2\">\n\t\t<div class=\"date_decor\">\n\t\t\t<p><span class=\"wpcf7-form-control-wrap\" data-name=\"tarih\"><input size=\"40\" maxlength=\"400\" class=\"wpcf7-form-control wpcf7-text wpcf7-validates-as-required date_picker_field\" aria-required=\"true\" aria-invalid=\"false\" placeholder=\"\u0627\u062e\u062a\u0627\u0631\u0648\u0627 \u0627\u0644\u062a\u0627\u0631\u064a\u062e\" value=\"\" type=\"text\" name=\"tarih\" \/><\/span>\n\t\t\t<\/p>\n\t\t<\/div>\n\t<\/div>\n\t<div class=\"column-1_2\">\n\t\t<p><span class=\"wpcf7-form-control-wrap\" data-name=\"hizmet\"><select class=\"wpcf7-form-control wpcf7-select\" aria-invalid=\"false\" name=\"hizmet\"><option value=\"\u0627\u062e\u062a\u0627\u0631\u0648\u0627 \u0627\u0644\u062e\u062f\u0645\u0629\">\u0627\u062e\u062a\u0627\u0631\u0648\u0627 \u0627\u0644\u062e\u062f\u0645\u0629<\/option><option value=\"\u0633\u0627\u0648\u0646\u0627\">\u0633\u0627\u0648\u0646\u0627<\/option><option value=\"\u062c\u0627\u0643\u0648\u0632\u064a\">\u062c\u0627\u0643\u0648\u0632\u064a<\/option><option value=\"\u0633\u0628\u0627\">\u0633\u0628\u0627<\/option><option value=\"\u0631\u064a\u0641\u0644\u064a\u0643\u0633\u0648\u0644\u0648\u062c\u064a\">\u0631\u064a\u0641\u0644\u064a\u0643\u0633\u0648\u0644\u0648\u062c\u064a<\/option><option value=\"\u062d\u0645\u0627\u0645 \u062a\u0631\u0643\u064a\">\u062d\u0645\u0627\u0645 \u062a\u0631\u0643\u064a<\/option><option value=\"\u0639\u0644\u0627\u062c \u0639\u0637\u0631\u064a\">\u0639\u0644\u0627\u062c \u0639\u0637\u0631\u064a<\/option><option value=\"\u0639\u0644\u0627\u062c \u0628\u0627\u0644\u064a\">\u0639\u0644\u0627\u062c \u0628\u0627\u0644\u064a<\/option><option value=\"\u0639\u0644\u0627\u062c \u0637\u0628\u064a\">\u0639\u0644\u0627\u062c \u0637\u0628\u064a<\/option><option value=\"\u0639\u0644\u0627\u062c \u0634\u064a\u0627\u062a\u0633\u0648\">\u0639\u0644\u0627\u062c \u0634\u064a\u0627\u062a\u0633\u0648<\/option><option value=\"\u0639\u0644\u0627\u062c \u062a\u0627\u064a\u0644\u0627\u0646\u062f\u064a\">\u0639\u0644\u0627\u062c \u062a\u0627\u064a\u0644\u0627\u0646\u062f\u064a<\/option><\/select><\/span>\n\t\t<\/p>\n\t<\/div>\n<\/div>\n<div class=\"columns_wrap\">\n\t<div class=\"column-1_1\">\n\t\t<p><span class=\"wpcf7-form-control-wrap\" data-name=\"mesaj\"><textarea cols=\"40\" rows=\"10\" maxlength=\"2000\" class=\"wpcf7-form-control wpcf7-textarea\" aria-invalid=\"false\" placeholder=\"\u0631\u0633\u0627\u0644\u062a\u0643\u0645\" name=\"mesaj\"><\/textarea><\/span>\n\t\t<\/p>\n\t<\/div>\n<\/div>\n<div class=\"columns_wrap\">\n\t<div class=\"column-1_1\">\n\t\t<p class=\"description\">\"\u064a\u0631\u062c\u0649 \u0645\u0644\u0627\u062d\u0638\u0629 \u0623\u0646 \u0627\u0644\u062a\u0627\u0631\u064a\u062e \u0648\u0627\u0644\u0648\u0642\u062a \u0627\u0644\u0630\u064a \u0637\u0644\u0628\u062a\u0645\u0648\u0647 \u0642\u062f \u0644\u0627 \u064a\u0643\u0648\u0646 \u0645\u062a\u0627\u062d\u064b\u0627.<br \/>\n\u0633\u0648\u0641 \u0646\u062a\u0635\u0644 \u0628\u0643\u0645 \u0644\u062a\u0623\u0643\u064a\u062f \u062a\u0641\u0627\u0635\u064a\u0644 \u0645\u0648\u0639\u062f\u0643\u0645 \u0627\u0644\u0641\u0639\u0644\u064a.\"\n\t\t<\/p>\n\t<\/div>\n<\/div>\n<div class=\"columns_wrap\">\n\t<div class=\"column-1_1 center\">\n\t\t<p><input class=\"wpcf7-form-control wpcf7-submit has-spinner\" type=\"submit\" value=\"\u0627\u0631\u0633\u0644\" \/>\n\t\t<\/p>\n\t<\/div>\n<\/div><div class=\"wpcf7-response-output\" aria-hidden=\"true\"><\/div>\n<\/form>\n<\/div>\n[\/vc_column][\/vc_row]<\/p>\n","protected":false},"excerpt":{"rendered":"<p>[vc_row css_animation=&#8221;none&#8221; hide_bg_image_on_tablet=&#8221;&#8221; hide_bg_image_on_mobile=&#8221;&#8221;][vc_column icons_position=&#8221;left&#8221;][vc_empty_space height=&#8221;2em&#8221; alter_height=&#8221;none&#8221; hide_on_desktop=&#8221;&#8221; hide_on_notebook=&#8221;&#8221; hide_on_tablet=&#8221;&#8221; hide_on_mobile=&#8221;&#8221;][vc_empty_space height=&#8221;3.6em&#8221; alter_height=&#8221;none&#8221; hide_on_desktop=&#8221;&#8221; hide_on_notebook=&#8221;&#8221; hide_on_tablet=&#8221;1&#8243; hide_on_mobile=&#8221;1&#8243;][\/vc_column][\/vc_row][vc_row][vc_column hide_bg_image_on_tablet=&#8221;&#8221; hide_bg_image_on_mobile=&#8221;&#8221; icons_position=&#8221;left&#8221; css=&#8221;.vc_custom_1514299637312{margin-top: 0px !important;margin-bottom: 0px !important;}&#8221;][vc_empty_space height=&#8221;2em&#8221; alter_height=&#8221;none&#8221; hide_on_desktop=&#8221;&#8221; hide_on_notebook=&#8221;&#8221; hide_on_tablet=&#8221;&#8221; hide_on_mobile=&#8221;&#8221;][vc_empty_space height=&#8221;3.6em&#8221; alter_height=&#8221;none&#8221; hide_on_desktop=&#8221;&#8221; hide_on_notebook=&#8221;&#8221; hide_on_tablet=&#8221;1&#8243; hide_on_mobile=&#8221;1&#8243;][vc_separator color=&#8221;custom&#8221; border_width=&#8221;10&#8243; accent_color=&#8221;#ededed&#8221; css=&#8221;.vc_custom_1514299731231{margin-top: 0px !important;margin-bottom: 0px !important;}&#8221;][vc_empty_space height=&#8221;4.5em&#8221; alter_height=&#8221;none&#8221; hide_on_desktop=&#8221;&#8221; hide_on_notebook=&#8221;&#8221; hide_on_tablet=&#8221;&#8221; hide_on_mobile=&#8221;&#8221;][vc_empty_space height=&#8221;3em&#8221; alter_height=&#8221;none&#8221; hide_on_desktop=&#8221;&#8221; hide_on_notebook=&#8221;&#8221; hide_on_tablet=&#8221;1&#8243; hide_on_mobile=&#8221;1&#8243;][\/vc_column][\/vc_row][vc_row][vc_column css_animation=&#8221;none&#8221; width=&#8221;1\/2&#8243; icons_position=&#8221;left&#8221;&hellip;<\/p>\n","protected":false},"author":1,"featured_media":0,"parent":0,"menu_order":0,"comment_status":"closed","ping_status":"closed","template":"","meta":{"om_disable_all_campaigns":false,"inline_featured_image":false,"_monsterinsights_skip_tracking":false,"_monsterinsights_sitenote_active":false,"_monsterinsights_sitenote_note":"","_monsterinsights_sitenote_category":0,"footnotes":""},"class_list":["post-2005","page","type-page","status-publish","hentry"],"aioseo_notices":[],"_links":{"self":[{"href":"https:\/\/www.feyspa.com\/ar\/wp-json\/wp\/v2\/pages\/2005","targetHints":{"allow":["GET"]}}],"collection":[{"href":"https:\/\/www.feyspa.com\/ar\/wp-json\/wp\/v2\/pages"}],"about":[{"href":"https:\/\/www.feyspa.com\/ar\/wp-json\/wp\/v2\/types\/page"}],"author":[{"embeddable":true,"href":"https:\/\/www.feyspa.com\/ar\/wp-json\/wp\/v2\/users\/1"}],"replies":[{"embeddable":true,"href":"https:\/\/www.feyspa.com\/ar\/wp-json\/wp\/v2\/comments?post=2005"}],"version-history":[{"count":5,"href":"https:\/\/www.feyspa.com\/ar\/wp-json\/wp\/v2\/pages\/2005\/revisions"}],"predecessor-version":[{"id":2011,"href":"https:\/\/www.feyspa.com\/ar\/wp-json\/wp\/v2\/pages\/2005\/revisions\/2011"}],"wp:attachment":[{"href":"https:\/\/www.feyspa.com\/ar\/wp-json\/wp\/v2\/media?parent=2005"}],"curies":[{"name":"wp","href":"https:\/\/api.w.org\/{rel}","templated":true}]}}