
{"id":1949,"date":"2017-12-05T10:08:14","date_gmt":"2017-12-05T10:08:14","guid":{"rendered":"https:\/\/www.feyspa.com\/iletisim\/"},"modified":"2022-09-22T21:11:24","modified_gmt":"2022-09-22T18:11:24","slug":"%d0%ba%d0%be%d0%bd%d1%82%d0%b0%d0%ba%d1%82","status":"publish","type":"page","link":"https:\/\/www.feyspa.com\/ru\/%d0%ba%d0%be%d0%bd%d1%82%d0%b0%d0%ba%d1%82\/","title":{"rendered":"\u041a\u041e\u041d\u0422\u0410\u041a\u0422"},"content":{"rendered":"<p>[vc_row css_animation=&#187;none&#187; hide_bg_image_on_tablet=&#187;&#187; hide_bg_image_on_mobile=&#187;&#187;][vc_column icons_position=&#187;left&#187;]<div id=\"sc_title_1997570319\"\r\n\t\tclass=\"sc_title color_style_default sc_title_default  vc_custom_1663869885653\"><h6 class=\"sc_item_subtitle sc_title_subtitle sc_align_center sc_item_title_style_default\">\u041a\u041e\u041d\u0422\u0410\u041a\u0422<\/h6><h1 class=\"sc_item_title sc_title_title sc_align_center sc_item_title_style_default sc_item_title_tag\">\u0421\u0432\u044f\u0436\u0438\u0442\u0435\u0441\u044c \u0441 \u043d\u0430\u043c\u0438<\/h1><\/div><!-- \/.sc_title -->[vc_empty_space height=&#187;3.6em&#187; alter_height=&#187;none&#187; hide_on_desktop=&#187;&#187; hide_on_notebook=&#187;&#187; hide_on_tablet=&#187;1&#8243; hide_on_mobile=&#187;1&#8243;]<div id=\"sc_icons_1737826973\" \n\tclass=\"sc_icons sc_icons_extra sc_icons_size_medium sc_align_none\"><div class=\"sc_icons_columns_wrap sc_item_columns trx_addons_columns_wrap columns_padding_bottom\"><div class=\"trx_addons_column-1_3\"><div class=\"sc_icons_item\"><div id=\"sc_icons_1737826973_icon-clockwise-rotation\" class=\"sc_icons_icon sc_icon_type_ icon-clockwise-rotation\"\n\t\t\t\t\t\t\t\t\t\t\t\t><span class=\"sc_icon_type_ icon-clockwise-rotation\"><\/span><\/div><div class=\"content_icons_wrap\"><h4 class=\"sc_icons_item_title\"><span>\u0410\u0434\u0440\u0435\u0441<\/span><\/h4>                    <div class=\"sc_icons_item_description\"><span>B\u00fcy\u00fckdere Cad. No:95<\/span><span>Mecidiyek\u00f6y \u015ei\u015fli \/ \u0130stanbul<\/span><\/div><\/div><\/div><\/div><div class=\"trx_addons_column-1_3\"><div class=\"sc_icons_item sc_icons_item_linked\"><div id=\"sc_icons_1737826973_icon-phone-call\" class=\"sc_icons_icon sc_icon_type_ icon-phone-call\"\n\t\t\t\t\t\t\t\t\t\t\t\t><span class=\"sc_icon_type_ icon-phone-call\"><\/span><\/div><div class=\"content_icons_wrap\"><h4 class=\"sc_icons_item_title\"><span>\u0442\u0435\u043b\u0435\u0444\u043e\u043d<\/span><\/h4>                    <div class=\"sc_icons_item_description\"><span>0212 217 00 02<\/span><\/div><\/div><a href=\"tel:00902122170002\" class=\"sc_icons_item_link\"><\/a><\/div><\/div><div class=\"trx_addons_column-1_3\"><div class=\"sc_icons_item sc_icons_item_linked\"><div id=\"sc_icons_1737826973_icon-email-1\" class=\"sc_icons_icon sc_icon_type_ icon-email-1\"\n\t\t\t\t\t\t\t\t\t\t\t\t><span class=\"sc_icon_type_ icon-email-1\"><\/span><\/div><div class=\"content_icons_wrap\"><h4 class=\"sc_icons_item_title\"><span>\u042d\u043b. \u0430\u0434\u0440\u0435\u0441<\/span><\/h4>                    <div class=\"sc_icons_item_description\"><span>info@feyspa.com<\/span><\/div><\/div><a href=\"mailto:info@feyspa.com\" class=\"sc_icons_item_link\"><\/a><\/div><\/div><\/div><\/div><!-- \/.sc_icons -->[\/vc_column][\/vc_row][vc_row][vc_column hide_bg_image_on_tablet=&#187;&#187; hide_bg_image_on_mobile=&#187;&#187; icons_position=&#187;left&#187; css=&#187;.vc_custom_1514299637312{margin-top: 0px !important;margin-bottom: 0px !important;}&#187;][vc_empty_space height=&#187;2em&#187; alter_height=&#187;none&#187; hide_on_desktop=&#187;&#187; hide_on_notebook=&#187;&#187; hide_on_tablet=&#187;&#187; hide_on_mobile=&#187;&#187;][vc_empty_space height=&#187;3.6em&#187; alter_height=&#187;none&#187; hide_on_desktop=&#187;&#187; hide_on_notebook=&#187;&#187; hide_on_tablet=&#187;1&#8243; hide_on_mobile=&#187;1&#8243;][vc_separator color=&#187;custom&#187; border_width=&#187;10&#8243; accent_color=&#187;#ededed&#187; css=&#187;.vc_custom_1514299731231{margin-top: 0px !important;margin-bottom: 0px !important;}&#187;][vc_empty_space height=&#187;4.5em&#187; alter_height=&#187;none&#187; hide_on_desktop=&#187;&#187; hide_on_notebook=&#187;&#187; hide_on_tablet=&#187;&#187; hide_on_mobile=&#187;&#187;][vc_empty_space height=&#187;3em&#187; alter_height=&#187;none&#187; hide_on_desktop=&#187;&#187; hide_on_notebook=&#187;&#187; hide_on_tablet=&#187;1&#8243; hide_on_mobile=&#187;1&#8243;][\/vc_column][\/vc_row][vc_row][vc_column css_animation=&#187;none&#187; width=&#187;1\/2&#8243; icons_position=&#187;left&#187; offset=&#187;vc_col-lg-5 vc_col-md-6 vc_col-xs-12&#8243;][vc_empty_space height=&#187;1em&#187; alter_height=&#187;none&#187; hide_on_desktop=&#187;&#187; hide_on_notebook=&#187;&#187; hide_on_tablet=&#187;&#187; hide_on_mobile=&#187;&#187;]<div id=\"sc_googlemap_1381329657_wrap\" class=\"sc_googlemap_wrap\"><div id=\"sc_googlemap_1381329657\"\r\n\t\t\tclass=\"sc_googlemap sc_googlemap_default  vc_custom_1662985186867\"\r\n\t\t\t style=\"width:100%;height:378px;\"\t\t\tdata-zoom=\"12\"\r\n\t\t\tdata-style=\"dark\"\r\n\t\t\tdata-cluster-icon=\"\"\r\n        ><iframe\r\n                    src=\"https:\/\/maps.google.com\/maps?t=m&output=embed&iwloc=near&z=12&q=B%C3%BCy%C3%BCkdere+Cad.+No%3A95+Mecidiyek%C3%B6y+%C5%9Ei%C5%9Fli+%2F+%C4%B0stanbul\"\r\n                    scrolling=\"no\"\r\n                    marginheight=\"0\"\r\n                    marginwidth=\"0\"\r\n                    frameborder=\"0\"\r\n                    aria-label=\"\"><\/iframe><\/div><\/div><!-- \/.sc_googlemap_wrap -->[\/vc_column][vc_column width=&#187;1\/12&#8243; icons_position=&#187;left&#187;][\/vc_column][vc_column css_animation=&#187;none&#187; width=&#187;1\/2&#8243; icons_position=&#187;left&#187; offset=&#187;vc_col-lg-6 vc_col-md-6 vc_col-xs-12&#8243;]\n<div class=\"wpcf7 no-js\" id=\"wpcf7-f1953-o1\" lang=\"en-US\" dir=\"ltr\" data-wpcf7-id=\"1953\">\n<div class=\"screen-reader-response\"><p role=\"status\" aria-live=\"polite\" aria-atomic=\"true\"><\/p> <ul><\/ul><\/div>\n<form action=\"\/ru\/wp-json\/wp\/v2\/pages\/1949#wpcf7-f1953-o1\" method=\"post\" class=\"wpcf7-form init\" aria-label=\"Contact form\" novalidate=\"novalidate\" data-status=\"init\">\n<fieldset class=\"hidden-fields-container\"><input type=\"hidden\" name=\"_wpcf7\" value=\"1953\" \/><input type=\"hidden\" name=\"_wpcf7_version\" value=\"6.1.5\" \/><input type=\"hidden\" name=\"_wpcf7_locale\" value=\"en_US\" \/><input type=\"hidden\" name=\"_wpcf7_unit_tag\" value=\"wpcf7-f1953-o1\" \/><input type=\"hidden\" name=\"_wpcf7_container_post\" value=\"0\" \/><input type=\"hidden\" name=\"_wpcf7_posted_data_hash\" value=\"\" \/>\n<\/fieldset>\n<div class=\"columns_wrap\">\n\t<div class=\"column-1_1\">\n\t\t<h3>\u041a\u041e\u041d\u0422\u0410\u041a\u0422\u042b\n\t\t<\/h3>\n\t<\/div>\n<\/div>\n<div class=\"columns_wrap cust_mrg\">\n\t<div class=\"column-1_3\">\n\t\t<div class=\"decor\">\n\t\t\t<p><span class=\"wpcf7-form-control-wrap\" data-name=\"adSoyad\"><input size=\"40\" maxlength=\"400\" class=\"wpcf7-form-control wpcf7-text wpcf7-validates-as-required\" aria-required=\"true\" aria-invalid=\"false\" placeholder=\"\u0418\u043c\u044f \u0424\u0430\u043c\u0438\u043b\u0438\u044f\" value=\"\" type=\"text\" name=\"adSoyad\" \/><\/span>\n\t\t\t<\/p>\n\t\t<\/div>\n\t<\/div>\n\t<div class=\"column-1_3\">\n\t\t<div class=\"decor\">\n\t\t\t<p><span class=\"wpcf7-form-control-wrap\" data-name=\"eposta\"><input size=\"40\" maxlength=\"400\" class=\"wpcf7-form-control wpcf7-email wpcf7-validates-as-required wpcf7-text wpcf7-validates-as-email\" aria-required=\"true\" aria-invalid=\"false\" placeholder=\"\u042d\u043b. \u0430\u0434\u0440\u0435\u0441\" value=\"\" type=\"email\" name=\"eposta\" \/><\/span>\n\t\t\t<\/p>\n\t\t<\/div>\n\t<\/div>\n\t<div class=\"column-1_3\">\n\t\t<div class=\"decor\">\n\t\t\t<p><span class=\"wpcf7-form-control-wrap\" data-name=\"telefon\"><input size=\"40\" maxlength=\"400\" class=\"wpcf7-form-control wpcf7-tel wpcf7-validates-as-required wpcf7-text wpcf7-validates-as-tel\" aria-required=\"true\" aria-invalid=\"false\" placeholder=\"\u0442\u0435\u043b\u0435\u0444\u043e\u043d\" value=\"\" type=\"tel\" name=\"telefon\" \/><\/span>\n\t\t\t<\/p>\n\t\t<\/div>\n\t<\/div>\n<\/div>\n<div class=\"columns_wrap\">\n\t<div class=\"column-1_1\">\n\t\t<h3>\u0414\u0415\u0422\u0410\u041b\u0418 \u0411\u0420\u041e\u041d\u0418\u0420\u041e\u0412\u0410\u041d\u0418\u042f\n\t\t<\/h3>\n\t<\/div>\n<\/div>\n<div class=\"columns_wrap\">\n\t<div class=\"column-1_2\">\n\t\t<div class=\"date_decor\">\n\t\t\t<p><span class=\"wpcf7-form-control-wrap\" data-name=\"tarih\"><input size=\"40\" maxlength=\"400\" class=\"wpcf7-form-control wpcf7-text wpcf7-validates-as-required date_picker_field\" aria-required=\"true\" aria-invalid=\"false\" placeholder=\"\u0412\u044b\u0431\u0435\u0440\u0438\u0442\u0435 \u0434\u0430\u0442\u0443\" value=\"\" type=\"text\" name=\"tarih\" \/><\/span>\n\t\t\t<\/p>\n\t\t<\/div>\n\t<\/div>\n\t<div class=\"column-1_2\">\n\t\t<p><span class=\"wpcf7-form-control-wrap\" data-name=\"hizmet\"><select class=\"wpcf7-form-control wpcf7-select\" aria-invalid=\"false\" name=\"hizmet\"><option value=\"\u0412\u044b\u0431\u0435\u0440\u0438\u0442\u0435 \u0443\u0441\u043b\u0443\u0433\u0443\">\u0412\u044b\u0431\u0435\u0440\u0438\u0442\u0435 \u0443\u0441\u043b\u0443\u0433\u0443<\/option><option value=\"\u0421\u0430\u0443\u043d\u0430\">\u0421\u0430\u0443\u043d\u0430<\/option><option value=\"\u0414\u0436\u0430\u043a\u0443\u0437\u0438\">\u0414\u0436\u0430\u043a\u0443\u0437\u0438<\/option><option value=\"\u0421\u043f\u0430\">\u0421\u043f\u0430<\/option><option value=\"\u0420\u0435\u0444\u043b\u0435\u043a\u0441\u043e\u0442\u0435\u0440\u0430\u043f\u0438\u044f\">\u0420\u0435\u0444\u043b\u0435\u043a\u0441\u043e\u0442\u0435\u0440\u0430\u043f\u0438\u044f<\/option><option value=\"\u0422\u0443\u0440\u0435\u0446\u043a\u0430\u044f \u0431\u0430\u043d\u044f\">\u0422\u0443\u0440\u0435\u0446\u043a\u0430\u044f \u0431\u0430\u043d\u044f<\/option><option value=\"\u0410\u0440\u043e\u043c\u0430\u0442\u0435\u0440\u0430\u043f\u0438\u044f\">\u0410\u0440\u043e\u043c\u0430\u0442\u0435\u0440\u0430\u043f\u0438\u044f<\/option><option value=\"\u0411\u0430\u043b\u0438-\u0442\u0435\u0440\u0430\u043f\u0438\u044f\">\u0411\u0430\u043b\u0438-\u0442\u0435\u0440\u0430\u043f\u0438\u044f<\/option><option value=\"\u041c\u0435\u0434\u0438\u043a\u0430\u043c\u0435\u043d\u0442\u043e\u0437\u043d\u0430\u044f \u0442\u0435\u0440\u0430\u043f\u0438\u044f\">\u041c\u0435\u0434\u0438\u043a\u0430\u043c\u0435\u043d\u0442\u043e\u0437\u043d\u0430\u044f \u0442\u0435\u0440\u0430\u043f\u0438\u044f<\/option><option value=\"\u0428\u0438\u0430\u0446\u0443-\u0442\u0435\u0440\u0430\u043f\u0438\u044f\">\u0428\u0438\u0430\u0446\u0443-\u0442\u0435\u0440\u0430\u043f\u0438\u044f<\/option><option value=\"\u0422\u0430\u0439\u0441\u043a\u0430\u044f \u0442\u0435\u0440\u0430\u043f\u0438\u044f\">\u0422\u0430\u0439\u0441\u043a\u0430\u044f \u0442\u0435\u0440\u0430\u043f\u0438\u044f<\/option><\/select><\/span>\n\t\t<\/p>\n\t<\/div>\n<\/div>\n<div class=\"columns_wrap\">\n\t<div class=\"column-1_1\">\n\t\t<p><span class=\"wpcf7-form-control-wrap\" data-name=\"mesaj\"><textarea cols=\"40\" rows=\"10\" maxlength=\"2000\" class=\"wpcf7-form-control wpcf7-textarea\" aria-invalid=\"false\" placeholder=\"\u0442\u0432\u043e\u0435 \u0441\u043e\u043e\u0431\u0449\u0435\u043d\u0438\u0435\" name=\"mesaj\"><\/textarea><\/span>\n\t\t<\/p>\n\t<\/div>\n<\/div>\n<div class=\"columns_wrap\">\n\t<div class=\"column-1_1\">\n\t\t<p class=\"description\">\u041e\u0431\u0440\u0430\u0442\u0438\u0442\u0435 \u0432\u043d\u0438\u043c\u0430\u043d\u0438\u0435, \u0447\u0442\u043e \u0437\u0430\u043f\u0440\u043e\u0448\u0435\u043d\u043d\u044b\u0435 \u0432\u0430\u043c\u0438 \u0434\u0430\u0442\u0430 \u0438 \u0432\u0440\u0435\u043c\u044f \u043c\u043e\u0433\u0443\u0442<br \/>\n\u0431\u044b\u0442\u044c \u043d\u0435\u0434\u043e\u0441\u0442\u0443\u043f\u043d\u044b. \u041c\u044b \u0441\u0432\u044f\u0436\u0435\u043c\u0441\u044f \u0441 \u0432\u0430\u043c\u0438, \u0447\u0442\u043e\u0431\u044b \u043f\u043e\u0434\u0442\u0432\u0435\u0440\u0434\u0438\u0442\u044c \u0432\u0430\u0448\u0438<br \/>\n\u0444\u0430\u043a\u0442\u0438\u0447\u0435\u0441\u043a\u0438\u0435 \u0434\u0430\u043d\u043d\u044b\u0435 \u043e \u0432\u0441\u0442\u0440\u0435\u0447\u0435.\n\t\t<\/p>\n\t<\/div>\n<\/div>\n<div class=\"columns_wrap\">\n\t<div class=\"column-1_1 center\">\n\t\t<p><input class=\"wpcf7-form-control wpcf7-submit has-spinner\" type=\"submit\" value=\"\u041e\u0422\u041f\u0420\u0410\u0412\u0418\u0422\u042c\" \/>\n\t\t<\/p>\n\t<\/div>\n<\/div><div class=\"wpcf7-response-output\" aria-hidden=\"true\"><\/div>\n<\/form>\n<\/div>\n[\/vc_column][\/vc_row]<\/p>\n","protected":false},"excerpt":{"rendered":"<p>[vc_row css_animation=&#187;none&#187; hide_bg_image_on_tablet=&#187;&#187; hide_bg_image_on_mobile=&#187;&#187;][vc_column icons_position=&#187;left&#187;][vc_empty_space height=&#187;3.6em&#187; alter_height=&#187;none&#187; hide_on_desktop=&#187;&#187; hide_on_notebook=&#187;&#187; hide_on_tablet=&#187;1&#8243; hide_on_mobile=&#187;1&#8243;][\/vc_column][\/vc_row][vc_row][vc_column hide_bg_image_on_tablet=&#187;&#187; hide_bg_image_on_mobile=&#187;&#187; icons_position=&#187;left&#187; css=&#187;.vc_custom_1514299637312{margin-top: 0px !important;margin-bottom: 0px !important;}&#187;][vc_empty_space height=&#187;2em&#187; alter_height=&#187;none&#187; hide_on_desktop=&#187;&#187; hide_on_notebook=&#187;&#187; hide_on_tablet=&#187;&#187; hide_on_mobile=&#187;&#187;][vc_empty_space height=&#187;3.6em&#187; alter_height=&#187;none&#187; hide_on_desktop=&#187;&#187; hide_on_notebook=&#187;&#187; hide_on_tablet=&#187;1&#8243; hide_on_mobile=&#187;1&#8243;][vc_separator color=&#187;custom&#187; border_width=&#187;10&#8243; accent_color=&#187;#ededed&#187; css=&#187;.vc_custom_1514299731231{margin-top: 0px !important;margin-bottom: 0px !important;}&#187;][vc_empty_space height=&#187;4.5em&#187; alter_height=&#187;none&#187; hide_on_desktop=&#187;&#187; hide_on_notebook=&#187;&#187; hide_on_tablet=&#187;&#187; hide_on_mobile=&#187;&#187;][vc_empty_space height=&#187;3em&#187; alter_height=&#187;none&#187; hide_on_desktop=&#187;&#187; hide_on_notebook=&#187;&#187; hide_on_tablet=&#187;1&#8243; hide_on_mobile=&#187;1&#8243;][\/vc_column][\/vc_row][vc_row][vc_column css_animation=&#187;none&#187; width=&#187;1\/2&#8243; icons_position=&#187;left&#187; offset=&#187;vc_col-lg-5 vc_col-md-6 vc_col-xs-12&#8243;][vc_empty_space height=&#187;1em&#187; alter_height=&#187;none&#187; hide_on_desktop=&#187;&#187;&hellip;<\/p>\n","protected":false},"author":1,"featured_media":0,"parent":0,"menu_order":0,"comment_status":"closed","ping_status":"closed","template":"","meta":{"om_disable_all_campaigns":false,"inline_featured_image":false,"_monsterinsights_skip_tracking":false,"_monsterinsights_sitenote_active":false,"_monsterinsights_sitenote_note":"","_monsterinsights_sitenote_category":0,"footnotes":""},"class_list":["post-1949","page","type-page","status-publish","hentry"],"aioseo_notices":[],"_links":{"self":[{"href":"https:\/\/www.feyspa.com\/ru\/wp-json\/wp\/v2\/pages\/1949","targetHints":{"allow":["GET"]}}],"collection":[{"href":"https:\/\/www.feyspa.com\/ru\/wp-json\/wp\/v2\/pages"}],"about":[{"href":"https:\/\/www.feyspa.com\/ru\/wp-json\/wp\/v2\/types\/page"}],"author":[{"embeddable":true,"href":"https:\/\/www.feyspa.com\/ru\/wp-json\/wp\/v2\/users\/1"}],"replies":[{"embeddable":true,"href":"https:\/\/www.feyspa.com\/ru\/wp-json\/wp\/v2\/comments?post=1949"}],"version-history":[{"count":4,"href":"https:\/\/www.feyspa.com\/ru\/wp-json\/wp\/v2\/pages\/1949\/revisions"}],"predecessor-version":[{"id":1954,"href":"https:\/\/www.feyspa.com\/ru\/wp-json\/wp\/v2\/pages\/1949\/revisions\/1954"}],"wp:attachment":[{"href":"https:\/\/www.feyspa.com\/ru\/wp-json\/wp\/v2\/media?parent=1949"}],"curies":[{"name":"wp","href":"https:\/\/api.w.org\/{rel}","templated":true}]}}